{"id":684,"date":"2024-11-28T21:03:31","date_gmt":"2024-11-28T21:03:31","guid":{"rendered":"https:\/\/web.cohetestudio.com\/?page_id=684"},"modified":"2024-11-28T21:04:02","modified_gmt":"2024-11-28T21:04:02","slug":"684-2","status":"publish","type":"page","link":"https:\/\/web.cohetestudio.com\/en\/684-2\/","title":{"rendered":"Manifiesto"},"content":{"rendered":"<div class=\"wp-block-group has-global-padding is-layout-constrained wp-container-core-group-is-layout-c3bc1b03 wp-block-group-is-layout-constrained\" style=\"padding-top:var(--wp--preset--spacing--10);padding-right:1rem;padding-bottom:var(--wp--preset--spacing--10);padding-left:1rem\">\n<h1 class=\"wp-block-heading has-medium-font-size\">Manifiesto<\/h1>\n\n\n\n<p>Tres, dos, uno.<\/p>\n\n\n\n<p>Cohete despega. Tiemblan las ventanas.<\/p>\n\n\n\n<p>Se alumbra el cielo. Las ni\u00f1as sue\u00f1an con ser astronautas. Una tripulaci\u00f3n trasciende lo conocido para descubrir lo nuevo, para encontrarse con las estrellas y acaso volverse una. Somos Cohete: producimos expediciones espaciales y nuestro lenguaje es el de la imagen y el video.&nbsp;<\/p>\n\n\n\n<p>Cohete colabora desde el reconocimiento mutuo, sin arriba o abajo sino ojos vi\u00e9ndose para ser m\u00e1s juntos. Entendemos que un despegue no puede ser glorioso si es a costa de la alegr\u00eda de alguien m\u00e1s, por eso perseguimos lo que es justo y reconocemos el esfuerzo de todas las personas involucradas en nuestras expediciones.<\/p>\n\n\n\n<p>Cohete rechaza el mundo publicitario pero convive con la contradicci\u00f3n de habitarlo mientras intentamos huir de sus modos, prisas e imposiciones. Queremos despegar de la atm\u00f3sfera contaminada de proyectos sin coraz\u00f3n para llegar a las galaxias de la creaci\u00f3n art\u00edstica. Somos c\u00f3mplices de quienes proponen y huyen de las repeticiones.<\/p>\n\n\n\n<p>Tomamos partido por lo nuevo, lo que nace.<\/p>\n\n\n\n<p>Orbitamos en la serenidad del ocio, origen de las grandes creaciones; sin embargo, nos la rifamos porque conocemos la disciplina y el esfuerzo, combustibles de las expediciones memorables. Por eso cuidamos el detalle: produciendo con la ternura atenta con la que nuestras abuelas preparan las comidas m\u00e1s queridas.<\/p>\n\n\n\n<p>Cohete es familia sin talanqueras ni exclusiones. Es fiesta abierta y catering para todo el crew. Cohete tiene coraz\u00f3n y late porque queremos conmover. Sentimos y por eso creamos. Lo hacemos en comunidad. Producimos desde el amor y la valent\u00eda que demanda defenderlo para contar las historias no contadas. No nos da miedo despertar a los dormidos.<\/p>\n\n\n\n<p>Para Cohete el \u00e9xito puede ser como llegar a Marte, pero tambi\u00e9n como aterrizar bajo un \u00e1rbol para comer pizza con los amigos y sus mascotas; o como extender los brazos pedaleando, patinando en la hora dorada para sentir el aire. Nos gusta lo sencillo: regresar a casa es siempre el mejor viaje.<\/p>\n\n\n\n<p>Somos Cohete Studio. Listas para el despegue.<\/p>\n<\/div>","protected":false},"excerpt":{"rendered":"<p>Manifiesto Tres, dos, uno. Cohete despega. Tiemblan las ventanas. Se alumbra el cielo. Las ni\u00f1as sue\u00f1an con ser astronautas. Una tripulaci\u00f3n trasciende lo conocido para descubrir lo nuevo, para encontrarse con las estrellas y acaso volverse una. Somos Cohete: producimos expediciones espaciales y nuestro lenguaje es el de la imagen y el video.&nbsp; Cohete colabora [&hellip;]<\/p>\n","protected":false},"author":1,"featured_media":0,"parent":0,"menu_order":0,"comment_status":"closed","ping_status":"closed","template":"","meta":{"footnotes":""},"class_list":["post-684","page","type-page","status-publish","hentry"],"yoast_head":"<!-- This site is optimized with the Yoast SEO plugin v27.5 - https:\/\/yoast.com\/product\/yoast-seo-wordpress\/ -->\n<title>Manifiesto - Cohete Studio<\/title>\n<meta name=\"robots\" content=\"index, follow, max-snippet:-1, max-image-preview:large, max-video-preview:-1\" \/>\n<link rel=\"canonical\" href=\"https:\/\/web.cohetestudio.com\/en\/684-2\/\" \/>\n<meta property=\"og:locale\" content=\"en_US\" \/>\n<meta property=\"og:type\" content=\"article\" \/>\n<meta property=\"og:title\" content=\"Manifiesto - Cohete Studio\" \/>\n<meta property=\"og:description\" content=\"Manifiesto Tres, dos, uno. Cohete despega. Tiemblan las ventanas. Se alumbra el cielo. Las ni\u00f1as sue\u00f1an con ser astronautas. Una tripulaci\u00f3n trasciende lo conocido para descubrir lo nuevo, para encontrarse con las estrellas y acaso volverse una. Somos Cohete: producimos expediciones espaciales y nuestro lenguaje es el de la imagen y el video.&nbsp; Cohete colabora [&hellip;]\" \/>\n<meta property=\"og:url\" content=\"https:\/\/web.cohetestudio.com\/en\/684-2\/\" \/>\n<meta property=\"og:site_name\" content=\"Cohete Studio\" \/>\n<meta property=\"article:publisher\" content=\"https:\/\/www.facebook.com\/CoheteStudioGt\/?locale=es_LA\" \/>\n<meta property=\"article:modified_time\" content=\"2024-11-28T21:04:02+00:00\" \/>\n<meta name=\"twitter:card\" content=\"summary_large_image\" \/>\n<meta name=\"twitter:label1\" content=\"Est. reading time\" \/>\n\t<meta name=\"twitter:data1\" content=\"2 minutes\" \/>\n<script type=\"application\/ld+json\" class=\"yoast-schema-graph\">{\"@context\":\"https:\\\/\\\/schema.org\",\"@graph\":[{\"@type\":\"WebPage\",\"@id\":\"https:\\\/\\\/web.cohetestudio.com\\\/684-2\\\/\",\"url\":\"https:\\\/\\\/web.cohetestudio.com\\\/684-2\\\/\",\"name\":\"Manifiesto - Cohete Studio\",\"isPartOf\":{\"@id\":\"https:\\\/\\\/web.cohetestudio.com\\\/#website\"},\"datePublished\":\"2024-11-28T21:03:31+00:00\",\"dateModified\":\"2024-11-28T21:04:02+00:00\",\"breadcrumb\":{\"@id\":\"https:\\\/\\\/web.cohetestudio.com\\\/684-2\\\/#breadcrumb\"},\"inLanguage\":\"en-US\",\"potentialAction\":[{\"@type\":\"ReadAction\",\"target\":[\"https:\\\/\\\/web.cohetestudio.com\\\/684-2\\\/\"]}]},{\"@type\":\"BreadcrumbList\",\"@id\":\"https:\\\/\\\/web.cohetestudio.com\\\/684-2\\\/#breadcrumb\",\"itemListElement\":[{\"@type\":\"ListItem\",\"position\":1,\"name\":\"Home\",\"item\":\"https:\\\/\\\/web.cohetestudio.com\\\/\"},{\"@type\":\"ListItem\",\"position\":2,\"name\":\"Manifiesto\"}]},{\"@type\":\"WebSite\",\"@id\":\"https:\\\/\\\/web.cohetestudio.com\\\/#website\",\"url\":\"https:\\\/\\\/web.cohetestudio.com\\\/\",\"name\":\"Cohete Studio\",\"description\":\"Guatemala\",\"publisher\":{\"@id\":\"https:\\\/\\\/web.cohetestudio.com\\\/#organization\"},\"potentialAction\":[{\"@type\":\"SearchAction\",\"target\":{\"@type\":\"EntryPoint\",\"urlTemplate\":\"https:\\\/\\\/web.cohetestudio.com\\\/?s={search_term_string}\"},\"query-input\":{\"@type\":\"PropertyValueSpecification\",\"valueRequired\":true,\"valueName\":\"search_term_string\"}}],\"inLanguage\":\"en-US\"},{\"@type\":\"Organization\",\"@id\":\"https:\\\/\\\/web.cohetestudio.com\\\/#organization\",\"name\":\"Cohete Studio\",\"url\":\"https:\\\/\\\/web.cohetestudio.com\\\/\",\"logo\":{\"@type\":\"ImageObject\",\"inLanguage\":\"en-US\",\"@id\":\"https:\\\/\\\/web.cohetestudio.com\\\/#\\\/schema\\\/logo\\\/image\\\/\",\"url\":\"https:\\\/\\\/web.cohetestudio.com\\\/wp-content\\\/uploads\\\/2024\\\/11\\\/logocohete-large-1.png\",\"contentUrl\":\"https:\\\/\\\/web.cohetestudio.com\\\/wp-content\\\/uploads\\\/2024\\\/11\\\/logocohete-large-1.png\",\"width\":1504,\"height\":343,\"caption\":\"Cohete Studio\"},\"image\":{\"@id\":\"https:\\\/\\\/web.cohetestudio.com\\\/#\\\/schema\\\/logo\\\/image\\\/\"},\"sameAs\":[\"https:\\\/\\\/www.facebook.com\\\/CoheteStudioGt\\\/?locale=es_LA\",\"https:\\\/\\\/www.instagram.com\\\/cohetestudio_\\\/\",\"https:\\\/\\\/www.youtube.com\\\/channel\\\/UC4EFMuWQ4j6vO6Iyu7Ug6Ig\",\"https:\\\/\\\/www.linkedin.com\\\/company\\\/cohete-studio\\\/posts\\\/?feedView=all\"]}]}<\/script>\n<!-- \/ Yoast SEO plugin. -->","yoast_head_json":{"title":"Manifiesto - Cohete Studio","robots":{"index":"index","follow":"follow","max-snippet":"max-snippet:-1","max-image-preview":"max-image-preview:large","max-video-preview":"max-video-preview:-1"},"canonical":"https:\/\/web.cohetestudio.com\/en\/684-2\/","og_locale":"en_US","og_type":"article","og_title":"Manifiesto - Cohete Studio","og_description":"Manifiesto Tres, dos, uno. Cohete despega. Tiemblan las ventanas. Se alumbra el cielo. Las ni\u00f1as sue\u00f1an con ser astronautas. Una tripulaci\u00f3n trasciende lo conocido para descubrir lo nuevo, para encontrarse con las estrellas y acaso volverse una. Somos Cohete: producimos expediciones espaciales y nuestro lenguaje es el de la imagen y el video.&nbsp; Cohete colabora [&hellip;]","og_url":"https:\/\/web.cohetestudio.com\/en\/684-2\/","og_site_name":"Cohete Studio","article_publisher":"https:\/\/www.facebook.com\/CoheteStudioGt\/?locale=es_LA","article_modified_time":"2024-11-28T21:04:02+00:00","twitter_card":"summary_large_image","twitter_misc":{"Est. reading time":"2 minutes"},"schema":{"@context":"https:\/\/schema.org","@graph":[{"@type":"WebPage","@id":"https:\/\/web.cohetestudio.com\/684-2\/","url":"https:\/\/web.cohetestudio.com\/684-2\/","name":"Manifiesto - Cohete Studio","isPartOf":{"@id":"https:\/\/web.cohetestudio.com\/#website"},"datePublished":"2024-11-28T21:03:31+00:00","dateModified":"2024-11-28T21:04:02+00:00","breadcrumb":{"@id":"https:\/\/web.cohetestudio.com\/684-2\/#breadcrumb"},"inLanguage":"en-US","potentialAction":[{"@type":"ReadAction","target":["https:\/\/web.cohetestudio.com\/684-2\/"]}]},{"@type":"BreadcrumbList","@id":"https:\/\/web.cohetestudio.com\/684-2\/#breadcrumb","itemListElement":[{"@type":"ListItem","position":1,"name":"Home","item":"https:\/\/web.cohetestudio.com\/"},{"@type":"ListItem","position":2,"name":"Manifiesto"}]},{"@type":"WebSite","@id":"https:\/\/web.cohetestudio.com\/#website","url":"https:\/\/web.cohetestudio.com\/","name":"Cohete Studio","description":"Guatemala","publisher":{"@id":"https:\/\/web.cohetestudio.com\/#organization"},"potentialAction":[{"@type":"SearchAction","target":{"@type":"EntryPoint","urlTemplate":"https:\/\/web.cohetestudio.com\/?s={search_term_string}"},"query-input":{"@type":"PropertyValueSpecification","valueRequired":true,"valueName":"search_term_string"}}],"inLanguage":"en-US"},{"@type":"Organization","@id":"https:\/\/web.cohetestudio.com\/#organization","name":"Cohete Studio","url":"https:\/\/web.cohetestudio.com\/","logo":{"@type":"ImageObject","inLanguage":"en-US","@id":"https:\/\/web.cohetestudio.com\/#\/schema\/logo\/image\/","url":"https:\/\/web.cohetestudio.com\/wp-content\/uploads\/2024\/11\/logocohete-large-1.png","contentUrl":"https:\/\/web.cohetestudio.com\/wp-content\/uploads\/2024\/11\/logocohete-large-1.png","width":1504,"height":343,"caption":"Cohete Studio"},"image":{"@id":"https:\/\/web.cohetestudio.com\/#\/schema\/logo\/image\/"},"sameAs":["https:\/\/www.facebook.com\/CoheteStudioGt\/?locale=es_LA","https:\/\/www.instagram.com\/cohetestudio_\/","https:\/\/www.youtube.com\/channel\/UC4EFMuWQ4j6vO6Iyu7Ug6Ig","https:\/\/www.linkedin.com\/company\/cohete-studio\/posts\/?feedView=all"]}]}},"jetpack_sharing_enabled":true,"_links":{"self":[{"href":"https:\/\/web.cohetestudio.com\/en\/wp-json\/wp\/v2\/pages\/684","targetHints":{"allow":["GET"]}}],"collection":[{"href":"https:\/\/web.cohetestudio.com\/en\/wp-json\/wp\/v2\/pages"}],"about":[{"href":"https:\/\/web.cohetestudio.com\/en\/wp-json\/wp\/v2\/types\/page"}],"author":[{"embeddable":true,"href":"https:\/\/web.cohetestudio.com\/en\/wp-json\/wp\/v2\/users\/1"}],"replies":[{"embeddable":true,"href":"https:\/\/web.cohetestudio.com\/en\/wp-json\/wp\/v2\/comments?post=684"}],"version-history":[{"count":3,"href":"https:\/\/web.cohetestudio.com\/en\/wp-json\/wp\/v2\/pages\/684\/revisions"}],"predecessor-version":[{"id":687,"href":"https:\/\/web.cohetestudio.com\/en\/wp-json\/wp\/v2\/pages\/684\/revisions\/687"}],"wp:attachment":[{"href":"https:\/\/web.cohetestudio.com\/en\/wp-json\/wp\/v2\/media?parent=684"}],"curies":[{"name":"wp","href":"https:\/\/api.w.org\/{rel}","templated":true}]}}